{"id":79,"date":"2022-03-03T13:28:25","date_gmt":"2022-03-03T13:28:25","guid":{"rendered":"https:\/\/expertalis.de\/?page_id=79"},"modified":"2025-09-17T10:52:24","modified_gmt":"2025-09-17T08:52:24","slug":"kontakt","status":"publish","type":"page","link":"https:\/\/expertalis.de\/en\/kontakt\/","title":{"rendered":"Contact"},"content":{"rendered":"\t\t<div data-elementor-type=\"wp-page\" data-elementor-id=\"79\" class=\"elementor elementor-79\" data-elementor-post-type=\"page\">\n\t\t\t\t<div class=\"elementor-element elementor-element-f480c11 e-con-full e-flex e-con e-parent\" data-id=\"f480c11\" data-element_type=\"container\" data-e-type=\"container\" data-settings=\"{&quot;background_background&quot;:&quot;classic&quot;}\">\n\t\t<div class=\"elementor-element elementor-element-af284b7 e-con-full e-flex e-con e-child\" data-id=\"af284b7\" data-element_type=\"container\" data-e-type=\"container\">\n\t\t\t\t<div class=\"elementor-element elementor-element-248646f elementor-widget elementor-widget-spacer\" data-id=\"248646f\" data-element_type=\"widget\" data-e-type=\"widget\" data-widget_type=\"spacer.default\">\n\t\t\t\t\t\t\t<div class=\"elementor-spacer\">\n\t\t\t<div class=\"elementor-spacer-inner\"><\/div>\n\t\t<\/div>\n\t\t\t\t\t\t<\/div>\n\t\t\t\t<div class=\"elementor-element elementor-element-b7dba27 elementor-widget elementor-widget-spacer\" data-id=\"b7dba27\" data-element_type=\"widget\" data-e-type=\"widget\" data-widget_type=\"spacer.default\">\n\t\t\t\t\t\t\t<div class=\"elementor-spacer\">\n\t\t\t<div class=\"elementor-spacer-inner\"><\/div>\n\t\t<\/div>\n\t\t\t\t\t\t<\/div>\n\t\t\t\t<\/div>\n\t\t\t\t<\/div>\n\t\t<div class=\"elementor-element elementor-element-268b536 e-flex e-con-boxed e-con e-parent\" data-id=\"268b536\" data-element_type=\"container\" data-e-type=\"container\">\n\t\t\t\t\t<div class=\"e-con-inner\">\n\t\t<div class=\"elementor-element elementor-element-0b5beb3 e-con-full e-flex e-con e-child\" data-id=\"0b5beb3\" data-element_type=\"container\" data-e-type=\"container\">\n\t\t\t\t<div class=\"elementor-element elementor-element-1719127 elementor-widget elementor-widget-heading\" data-id=\"1719127\" data-element_type=\"widget\" data-e-type=\"widget\" data-widget_type=\"heading.default\">\n\t\t\t\t\t<h1 class=\"elementor-heading-title elementor-size-default\">Kontakt<\/h1>\t\t\t\t<\/div>\n\t\t\t\t<div class=\"elementor-element elementor-element-0d81222 elementor-widget elementor-widget-text-editor\" data-id=\"0d81222\" data-element_type=\"widget\" data-e-type=\"widget\" data-widget_type=\"text-editor.default\">\n\t\t\t\t\t\t\t\t\t<p>Von unserem Standort in der N\u00e4he von Stuttgart aus betreuen wir unsere mittelst\u00e4ndischen Unternehmenskunden bundesweit und international bei der Kandidat*innenfindung.<\/p>\t\t\t\t\t\t\t\t<\/div>\n\t\t\t\t<\/div>\n\t\t\t\t\t<\/div>\n\t\t\t\t<\/div>\n\t\t<div class=\"elementor-element elementor-element-ea076df e-flex e-con-boxed e-con e-parent\" data-id=\"ea076df\" data-element_type=\"container\" data-e-type=\"container\">\n\t\t\t\t\t<div class=\"e-con-inner\">\n\t\t\t\t<div class=\"elementor-element elementor-element-d75f786 elementor-widget elementor-widget-heading\" data-id=\"d75f786\" data-element_type=\"widget\" data-e-type=\"widget\" data-widget_type=\"heading.default\">\n\t\t\t\t\t<h2 class=\"elementor-heading-title elementor-size-default\">expertalis GmbH<\/h2>\t\t\t\t<\/div>\n\t\t\t\t<div class=\"elementor-element elementor-element-86f1ccf elementor-widget elementor-widget-text-editor\" data-id=\"86f1ccf\" data-element_type=\"widget\" data-e-type=\"widget\" data-widget_type=\"text-editor.default\">\n\t\t\t\t\t\t\t\t\t<p>Schaflandstra\u00dfe 6<br \/>70736 Fellbach<\/p><p>Telefon: 0711 34 24 37-0<br \/><a title=\"kontakt@expertalis.de\" href=\"mailto:kontakt@expertalis.de\">kontakt@expertalis.de<\/a>\u00a0\u00a0<\/p>\t\t\t\t\t\t\t\t<\/div>\n\t\t\t\t<div class=\"elementor-element elementor-element-dd30771 elementor-widget elementor-widget-google_maps\" data-id=\"dd30771\" data-element_type=\"widget\" data-e-type=\"widget\" data-widget_type=\"google_maps.default\">\n\t\t\t\t\t\t\t<div class=\"elementor-custom-embed\">\n\t\t\t<iframe loading=\"lazy\"\n\t\t\t\t\tsrc=\"https:\/\/maps.google.com\/maps?q=expertalis%20GmbH%2C%20Schaflandstra%C3%9Fe%206%2070736%20Fellbach&#038;t=m&#038;z=15&#038;output=embed&#038;iwloc=near\"\n\t\t\t\t\ttitle=\"expertalis GmbH, Schaflandstra\u00dfe 6 70736 Fellbach\"\n\t\t\t\t\taria-label=\"expertalis GmbH, Schaflandstra\u00dfe 6 70736 Fellbach\"\n\t\t\t><\/iframe>\n\t\t<\/div>\n\t\t\t\t\t\t<\/div>\n\t\t\t\t\t<\/div>\n\t\t\t\t<\/div>\n\t\t<div class=\"elementor-element elementor-element-54dc48d e-flex e-con-boxed e-con e-parent\" data-id=\"54dc48d\" data-element_type=\"container\" data-e-type=\"container\">\n\t\t\t\t\t<div class=\"e-con-inner\">\n\t\t<div class=\"elementor-element elementor-element-85b869c e-con-full e-flex e-con e-child\" data-id=\"85b869c\" data-element_type=\"container\" data-e-type=\"container\">\n\t\t\t\t<div class=\"elementor-element elementor-element-598ba91 elementor-widget elementor-widget-template\" data-id=\"598ba91\" data-element_type=\"widget\" data-e-type=\"widget\" data-widget_type=\"template.default\">\n\t\t\t\t<div class=\"elementor-widget-container\">\n\t\t\t\t\t\t\t<div class=\"elementor-template\">\n\t\t\t\t\t<div data-elementor-type=\"section\" data-elementor-id=\"2421\" class=\"elementor elementor-2421\" data-elementor-post-type=\"elementor_library\">\n\t\t\t<div class=\"elementor-element elementor-element-1550b85 e-flex e-con-boxed e-con e-parent\" data-id=\"1550b85\" data-element_type=\"container\" data-e-type=\"container\" data-settings=\"{&quot;background_background&quot;:&quot;classic&quot;}\">\n\t\t\t\t\t<div class=\"e-con-inner\">\n\t\t<div class=\"elementor-element elementor-element-9d540d0 e-con-full e-flex e-con e-child\" data-id=\"9d540d0\" data-element_type=\"container\" data-e-type=\"container\">\n\t\t\t\t<div class=\"elementor-element elementor-element-563ae59 elementor-widget__width-initial elementor-widget elementor-widget-heading\" data-id=\"563ae59\" data-element_type=\"widget\" data-e-type=\"widget\" data-widget_type=\"heading.default\">\n\t\t\t\t\t<h4 class=\"elementor-heading-title elementor-size-default\">Wir freuen uns darauf, mit Ihnen \u00fcber Ihre Herausforderungen bei der Personalsuche zu sprechen. <\/h4>\t\t\t\t<\/div>\n\t\t\t\t<div class=\"elementor-element elementor-element-5a716b1 elementor-button-align-center elementor-widget elementor-widget-form\" data-id=\"5a716b1\" data-element_type=\"widget\" data-e-type=\"widget\" data-settings=\"{&quot;step_next_label&quot;:&quot;Next&quot;,&quot;step_previous_label&quot;:&quot;Previous&quot;,&quot;button_width&quot;:&quot;100&quot;,&quot;step_type&quot;:&quot;number_text&quot;,&quot;step_icon_shape&quot;:&quot;circle&quot;}\" data-widget_type=\"form.default\">\n\t\t\t\t\t\t\t<form class=\"elementor-form\" method=\"post\" name=\"Kontaktformular Standard\" aria-label=\"Kontaktformular Standard\">\n\t\t\t<input type=\"hidden\" name=\"post_id\" value=\"2421\"\/>\n\t\t\t<input type=\"hidden\" name=\"form_id\" value=\"5a716b1\"\/>\n\t\t\t<input type=\"hidden\" name=\"referer_title\" value=\"Unser Angebot - Personalberatung expertalis\" \/>\n\n\t\t\t\t\t\t\t<input type=\"hidden\" name=\"queried_id\" value=\"6687\"\/>\n\t\t\t\n\t\t\t<div class=\"elementor-form-fields-wrapper elementor-labels-\">\n\t\t\t\t\t\t\t\t<div class=\"elementor-field-type-text elementor-field-group elementor-column elementor-field-group-name elementor-col-50 elementor-field-required\">\n\t\t\t\t\t\t\t\t\t\t\t\t<label for=\"form-field-name\" class=\"elementor-field-label elementor-screen-only\">\n\t\t\t\t\t\t\t\tVorname\t\t\t\t\t\t\t<\/label>\n\t\t\t\t\t\t\t\t\t\t\t\t\t\t<input size=\"1\" type=\"text\" name=\"form_fields[name]\" id=\"form-field-name\" class=\"elementor-field elementor-size-sm  elementor-field-textual\" placeholder=\"Vorname\" required=\"required\">\n\t\t\t\t\t\t\t\t\t\t\t<\/div>\n\t\t\t\t\t\t\t\t<div class=\"elementor-field-type-text elementor-field-group elementor-column elementor-field-group-field_3128125 elementor-col-50 elementor-field-required\">\n\t\t\t\t\t\t\t\t\t\t\t\t<label for=\"form-field-field_3128125\" class=\"elementor-field-label elementor-screen-only\">\n\t\t\t\t\t\t\t\tNachname\t\t\t\t\t\t\t<\/label>\n\t\t\t\t\t\t\t\t\t\t\t\t\t\t<input size=\"1\" type=\"text\" name=\"form_fields[field_3128125]\" id=\"form-field-field_3128125\" class=\"elementor-field elementor-size-sm  elementor-field-textual\" placeholder=\"Nachname\" required=\"required\">\n\t\t\t\t\t\t\t\t\t\t\t<\/div>\n\t\t\t\t\t\t\t\t<div class=\"elementor-field-type-email elementor-field-group elementor-column elementor-field-group-email elementor-col-50 elementor-field-required\">\n\t\t\t\t\t\t\t\t\t\t\t\t<label for=\"form-field-email\" class=\"elementor-field-label elementor-screen-only\">\n\t\t\t\t\t\t\t\tE-Mail\t\t\t\t\t\t\t<\/label>\n\t\t\t\t\t\t\t\t\t\t\t\t\t\t<input size=\"1\" type=\"email\" name=\"form_fields[email]\" id=\"form-field-email\" class=\"elementor-field elementor-size-sm  elementor-field-textual\" placeholder=\"E-Mail\" required=\"required\">\n\t\t\t\t\t\t\t\t\t\t\t<\/div>\n\t\t\t\t\t\t\t\t<div class=\"elementor-field-type-tel elementor-field-group elementor-column elementor-field-group-field_81a80af elementor-col-50\">\n\t\t\t\t\t\t\t\t\t\t\t\t<label for=\"form-field-field_81a80af\" class=\"elementor-field-label elementor-screen-only\">\n\t\t\t\t\t\t\t\tTelefonnummer\t\t\t\t\t\t\t<\/label>\n\t\t\t\t\t\t\t\t<input size=\"1\" type=\"tel\" name=\"form_fields[field_81a80af]\" id=\"form-field-field_81a80af\" class=\"elementor-field elementor-size-sm  elementor-field-textual\" placeholder=\"Telefonnummer\" pattern=\"[0-9()#&amp;+*-=.]+\" title=\"Nur Nummern oder Telefon-Zeichen (#, -, *, etc) werden akzeptiert.\">\n\n\t\t\t\t\t\t<\/div>\n\t\t\t\t\t\t\t\t<div class=\"elementor-field-type-text elementor-field-group elementor-column elementor-field-group-field_51dc8c9 elementor-col-50 elementor-field-required\">\n\t\t\t\t\t\t\t\t\t\t\t\t<label for=\"form-field-field_51dc8c9\" class=\"elementor-field-label elementor-screen-only\">\n\t\t\t\t\t\t\t\tPosition\t\t\t\t\t\t\t<\/label>\n\t\t\t\t\t\t\t\t\t\t\t\t\t\t<input size=\"1\" type=\"text\" name=\"form_fields[field_51dc8c9]\" id=\"form-field-field_51dc8c9\" class=\"elementor-field elementor-size-sm  elementor-field-textual\" placeholder=\"Position\" required=\"required\">\n\t\t\t\t\t\t\t\t\t\t\t<\/div>\n\t\t\t\t\t\t\t\t<div class=\"elementor-field-type-text elementor-field-group elementor-column elementor-field-group-field_26214d3 elementor-col-50 elementor-field-required\">\n\t\t\t\t\t\t\t\t\t\t\t\t<label for=\"form-field-field_26214d3\" class=\"elementor-field-label elementor-screen-only\">\n\t\t\t\t\t\t\t\tUnternehmen\t\t\t\t\t\t\t<\/label>\n\t\t\t\t\t\t\t\t\t\t\t\t\t\t<input size=\"1\" type=\"text\" name=\"form_fields[field_26214d3]\" id=\"form-field-field_26214d3\" class=\"elementor-field elementor-size-sm  elementor-field-textual\" placeholder=\"Unternehmen\" required=\"required\">\n\t\t\t\t\t\t\t\t\t\t\t<\/div>\n\t\t\t\t\t\t\t\t<div class=\"elementor-field-type-text\">\n\t\t\t\t\t<input size=\"1\" type=\"text\" name=\"form_fields[field_8eae1b5]\" id=\"form-field-field_8eae1b5\" class=\"elementor-field elementor-size-sm \" style=\"display:none !important;\">\t\t\t\t<\/div>\n\t\t\t\t\t\t\t\t<div class=\"elementor-field-type-textarea elementor-field-group elementor-column elementor-field-group-message elementor-col-100\">\n\t\t\t\t\t\t\t\t\t\t\t\t<label for=\"form-field-message\" class=\"elementor-field-label elementor-screen-only\">\n\t\t\t\t\t\t\t\tNachricht\t\t\t\t\t\t\t<\/label>\n\t\t\t\t\t\t<textarea class=\"elementor-field-textual elementor-field  elementor-size-sm\" name=\"form_fields[message]\" id=\"form-field-message\" rows=\"4\" placeholder=\"Nachricht\"><\/textarea>\t\t\t\t<\/div>\n\t\t\t\t\t\t\t\t<div class=\"elementor-field-type-acceptance elementor-field-group elementor-column elementor-field-group-field_e93361b elementor-col-100 elementor-field-required\">\n\t\t\t\t\t\t\t\t\t\t\t\t<label for=\"form-field-field_e93361b\" class=\"elementor-field-label elementor-screen-only\">\n\t\t\t\t\t\t\t\tEinwilligungserkl\u00e4rung\t\t\t\t\t\t\t<\/label>\n\t\t\t\t\t\t\t\t<div class=\"elementor-field-subgroup\">\n\t\t\t<span class=\"elementor-field-option\">\n\t\t\t\t<input type=\"checkbox\" name=\"form_fields[field_e93361b]\" id=\"form-field-field_e93361b\" class=\"elementor-field elementor-size-sm  elementor-acceptance-field\" required=\"required\">\n\t\t\t\t<label for=\"form-field-field_e93361b\">Mit dem Absenden des Kontaktformulars erkl\u00e4ren Sie sich damit einverstanden, dass Ihre Daten zur Bearbeitung Ihres Anliegens verwendet werden. Weitere Informationen und Widerrufshinweise finden Sie in der <a href=\"https:\/\/expertalis.de\/datenschutzerklaerung\/\">Datenschutzerkl\u00e4rung<\/a>.<\/label>\t\t\t<\/span>\n\t\t<\/div>\n\t\t\t\t\t\t<\/div>\n\t\t\t\t\t\t\t\t<div class=\"elementor-field-type-text\">\n\t\t\t\t\t<input size=\"1\" type=\"text\" name=\"form_fields[field_1d2e2ad]\" id=\"form-field-field_1d2e2ad\" class=\"elementor-field elementor-size-sm \" style=\"display:none !important;\">\t\t\t\t<\/div>\n\t\t\t\t\t\t\t\t<div class=\"elementor-field-group elementor-column elementor-field-type-submit elementor-col-100 e-form__buttons\">\n\t\t\t\t\t<button class=\"elementor-button elementor-size-sm\" type=\"submit\">\n\t\t\t\t\t\t<span class=\"elementor-button-content-wrapper\">\n\t\t\t\t\t\t\t\t\t\t\t\t\t\t\t\t\t\t\t\t\t\t<span class=\"elementor-button-text\">Senden<\/span>\n\t\t\t\t\t\t\t\t\t\t\t\t\t<\/span>\n\t\t\t\t\t<\/button>\n\t\t\t\t<\/div>\n\t\t\t<\/div>\n\t\t<\/form>\n\t\t\t\t\t\t<\/div>\n\t\t\t\t<\/div>\n\t\t\t\t\t<\/div>\n\t\t\t\t<\/div>\n\t\t\t\t<\/div>\n\t\t\t\t<\/div>\n\t\t\t\t\t\t<\/div>\n\t\t\t\t<\/div>\n\t\t\t\t<\/div>\n\t\t\t\t\t<\/div>\n\t\t\t\t<\/div>\n\t\t\t\t<\/div>\n\t\t","protected":false},"excerpt":{"rendered":"<p>Kontakt Von unserem Standort in der N\u00e4he von Stuttgart aus betreuen wir unsere mittelst\u00e4ndischen Unternehmenskunden bundesweit und international bei der Kandidat*innenfindung. expertalis GmbH Schaflandstra\u00dfe 670736 Fellbach Telefon: 0711 34 24 37-0kontakt@expertalis.de\u00a0\u00a0<\/p>","protected":false},"author":1,"featured_media":2407,"parent":0,"menu_order":0,"comment_status":"closed","ping_status":"closed","template":"","meta":{"iawp_total_views":532,"footnotes":""},"class_list":["post-79","page","type-page","status-publish","has-post-thumbnail","hentry"],"yoast_head":"<!-- This site is optimized with the Yoast SEO plugin v27.4 - https:\/\/yoast.com\/product\/yoast-seo-wordpress\/ -->\n<title>Kontakt | Personalberatung Stuttgart | expertalis<\/title>\n<meta name=\"description\" content=\"Wir betreuen unsere mittelst\u00e4ndischen Unternehmenskunden bundesweit und international bei der Kandidatenfindung. Kontaktieren Sie uns gerne!\" \/>\n<meta name=\"robots\" content=\"index, follow, max-snippet:-1, max-image-preview:large, max-video-preview:-1\" \/>\n<link rel=\"canonical\" href=\"https:\/\/expertalis.de\/en\/kontakt\/\" \/>\n<meta property=\"og:locale\" content=\"en_GB\" \/>\n<meta property=\"og:type\" content=\"article\" \/>\n<meta property=\"og:title\" content=\"Kontakt | Personalberatung Stuttgart | expertalis\" \/>\n<meta property=\"og:description\" content=\"Wir betreuen unsere mittelst\u00e4ndischen Unternehmenskunden bundesweit und international bei der Kandidatenfindung. Kontaktieren Sie uns gerne!\" \/>\n<meta property=\"og:url\" content=\"https:\/\/expertalis.de\/en\/kontakt\/\" \/>\n<meta property=\"og:site_name\" content=\"Personalberatung expertalis\" \/>\n<meta property=\"article:modified_time\" content=\"2025-09-17T08:52:24+00:00\" \/>\n<meta property=\"og:image\" content=\"https:\/\/expertalis.de\/wp-content\/uploads\/2022\/04\/expertalis-Kontakt.jpg\" \/>\n\t<meta property=\"og:image:width\" content=\"848\" \/>\n\t<meta property=\"og:image:height\" content=\"565\" \/>\n\t<meta property=\"og:image:type\" content=\"image\/jpeg\" \/>\n<meta name=\"twitter:card\" content=\"summary_large_image\" \/>\n<meta name=\"twitter:label1\" content=\"Estimated reading time\" \/>\n\t<meta name=\"twitter:data1\" content=\"1 minute\" \/>\n<script type=\"application\/ld+json\" class=\"yoast-schema-graph\">{\"@context\":\"https:\\\/\\\/schema.org\",\"@graph\":[{\"@type\":\"WebPage\",\"@id\":\"https:\\\/\\\/expertalis.de\\\/kontakt\\\/\",\"url\":\"https:\\\/\\\/expertalis.de\\\/kontakt\\\/\",\"name\":\"Kontakt | Personalberatung Stuttgart | expertalis\",\"isPartOf\":{\"@id\":\"https:\\\/\\\/expertalis.de\\\/#website\"},\"primaryImageOfPage\":{\"@id\":\"https:\\\/\\\/expertalis.de\\\/kontakt\\\/#primaryimage\"},\"image\":{\"@id\":\"https:\\\/\\\/expertalis.de\\\/kontakt\\\/#primaryimage\"},\"thumbnailUrl\":\"https:\\\/\\\/expertalis.de\\\/wp-content\\\/uploads\\\/2022\\\/04\\\/expertalis-Kontakt.jpg\",\"datePublished\":\"2022-03-03T13:28:25+00:00\",\"dateModified\":\"2025-09-17T08:52:24+00:00\",\"description\":\"Wir betreuen unsere mittelst\u00e4ndischen Unternehmenskunden bundesweit und international bei der Kandidatenfindung. Kontaktieren Sie uns gerne!\",\"breadcrumb\":{\"@id\":\"https:\\\/\\\/expertalis.de\\\/kontakt\\\/#breadcrumb\"},\"inLanguage\":\"en-GB\",\"potentialAction\":[{\"@type\":\"ReadAction\",\"target\":[\"https:\\\/\\\/expertalis.de\\\/kontakt\\\/\"]}]},{\"@type\":\"ImageObject\",\"inLanguage\":\"en-GB\",\"@id\":\"https:\\\/\\\/expertalis.de\\\/kontakt\\\/#primaryimage\",\"url\":\"https:\\\/\\\/expertalis.de\\\/wp-content\\\/uploads\\\/2022\\\/04\\\/expertalis-Kontakt.jpg\",\"contentUrl\":\"https:\\\/\\\/expertalis.de\\\/wp-content\\\/uploads\\\/2022\\\/04\\\/expertalis-Kontakt.jpg\",\"width\":848,\"height\":565,\"caption\":\"Dr. Philip Wenger und Markus Lorch - expertalis - Headhunting - Ansprechpartner\"},{\"@type\":\"BreadcrumbList\",\"@id\":\"https:\\\/\\\/expertalis.de\\\/kontakt\\\/#breadcrumb\",\"itemListElement\":[{\"@type\":\"ListItem\",\"position\":1,\"name\":\"Home\",\"item\":\"https:\\\/\\\/expertalis.de\\\/\"},{\"@type\":\"ListItem\",\"position\":2,\"name\":\"Kontakt\"}]},{\"@type\":\"WebSite\",\"@id\":\"https:\\\/\\\/expertalis.de\\\/#website\",\"url\":\"https:\\\/\\\/expertalis.de\\\/\",\"name\":\"expertalis - Executive Search\",\"description\":\"Headhunting f\u00fcr den Mittelstand\",\"publisher\":{\"@id\":\"https:\\\/\\\/expertalis.de\\\/#organization\"},\"potentialAction\":[{\"@type\":\"SearchAction\",\"target\":{\"@type\":\"EntryPoint\",\"urlTemplate\":\"https:\\\/\\\/expertalis.de\\\/?s={search_term_string}\"},\"query-input\":{\"@type\":\"PropertyValueSpecification\",\"valueRequired\":true,\"valueName\":\"search_term_string\"}}],\"inLanguage\":\"en-GB\"},{\"@type\":\"Organization\",\"@id\":\"https:\\\/\\\/expertalis.de\\\/#organization\",\"name\":\"expertalis GmbH\",\"url\":\"https:\\\/\\\/expertalis.de\\\/\",\"logo\":{\"@type\":\"ImageObject\",\"inLanguage\":\"en-GB\",\"@id\":\"https:\\\/\\\/expertalis.de\\\/#\\\/schema\\\/logo\\\/image\\\/\",\"url\":\"https:\\\/\\\/i0.wp.com\\\/expertalis.de\\\/wp-content\\\/uploads\\\/2022\\\/05\\\/expertalis-Logo-neuer-Blauton-final-ohne-Rand.png?fit=480%2C135&ssl=1\",\"contentUrl\":\"https:\\\/\\\/i0.wp.com\\\/expertalis.de\\\/wp-content\\\/uploads\\\/2022\\\/05\\\/expertalis-Logo-neuer-Blauton-final-ohne-Rand.png?fit=480%2C135&ssl=1\",\"width\":480,\"height\":135,\"caption\":\"expertalis GmbH\"},\"image\":{\"@id\":\"https:\\\/\\\/expertalis.de\\\/#\\\/schema\\\/logo\\\/image\\\/\"}}]}<\/script>\n<!-- \/ Yoast SEO plugin. -->","yoast_head_json":{"title":"Kontakt | Personalberatung Stuttgart | expertalis","description":"Wir betreuen unsere mittelst\u00e4ndischen Unternehmenskunden bundesweit und international bei der Kandidatenfindung. Kontaktieren Sie uns gerne!","robots":{"index":"index","follow":"follow","max-snippet":"max-snippet:-1","max-image-preview":"max-image-preview:large","max-video-preview":"max-video-preview:-1"},"canonical":"https:\/\/expertalis.de\/en\/kontakt\/","og_locale":"en_GB","og_type":"article","og_title":"Kontakt | Personalberatung Stuttgart | expertalis","og_description":"Wir betreuen unsere mittelst\u00e4ndischen Unternehmenskunden bundesweit und international bei der Kandidatenfindung. Kontaktieren Sie uns gerne!","og_url":"https:\/\/expertalis.de\/en\/kontakt\/","og_site_name":"Personalberatung expertalis","article_modified_time":"2025-09-17T08:52:24+00:00","og_image":[{"width":848,"height":565,"url":"https:\/\/expertalis.de\/wp-content\/uploads\/2022\/04\/expertalis-Kontakt.jpg","type":"image\/jpeg"}],"twitter_card":"summary_large_image","twitter_misc":{"Estimated reading time":"1 minute"},"schema":{"@context":"https:\/\/schema.org","@graph":[{"@type":"WebPage","@id":"https:\/\/expertalis.de\/kontakt\/","url":"https:\/\/expertalis.de\/kontakt\/","name":"Kontakt | Personalberatung Stuttgart | expertalis","isPartOf":{"@id":"https:\/\/expertalis.de\/#website"},"primaryImageOfPage":{"@id":"https:\/\/expertalis.de\/kontakt\/#primaryimage"},"image":{"@id":"https:\/\/expertalis.de\/kontakt\/#primaryimage"},"thumbnailUrl":"https:\/\/expertalis.de\/wp-content\/uploads\/2022\/04\/expertalis-Kontakt.jpg","datePublished":"2022-03-03T13:28:25+00:00","dateModified":"2025-09-17T08:52:24+00:00","description":"Wir betreuen unsere mittelst\u00e4ndischen Unternehmenskunden bundesweit und international bei der Kandidatenfindung. Kontaktieren Sie uns gerne!","breadcrumb":{"@id":"https:\/\/expertalis.de\/kontakt\/#breadcrumb"},"inLanguage":"en-GB","potentialAction":[{"@type":"ReadAction","target":["https:\/\/expertalis.de\/kontakt\/"]}]},{"@type":"ImageObject","inLanguage":"en-GB","@id":"https:\/\/expertalis.de\/kontakt\/#primaryimage","url":"https:\/\/expertalis.de\/wp-content\/uploads\/2022\/04\/expertalis-Kontakt.jpg","contentUrl":"https:\/\/expertalis.de\/wp-content\/uploads\/2022\/04\/expertalis-Kontakt.jpg","width":848,"height":565,"caption":"Dr. Philip Wenger und Markus Lorch - expertalis - Headhunting - Ansprechpartner"},{"@type":"BreadcrumbList","@id":"https:\/\/expertalis.de\/kontakt\/#breadcrumb","itemListElement":[{"@type":"ListItem","position":1,"name":"Home","item":"https:\/\/expertalis.de\/"},{"@type":"ListItem","position":2,"name":"Kontakt"}]},{"@type":"WebSite","@id":"https:\/\/expertalis.de\/#website","url":"https:\/\/expertalis.de\/","name":"expertalis - Executive Search","description":"Headhunting f\u00fcr den Mittelstand","publisher":{"@id":"https:\/\/expertalis.de\/#organization"},"potentialAction":[{"@type":"SearchAction","target":{"@type":"EntryPoint","urlTemplate":"https:\/\/expertalis.de\/?s={search_term_string}"},"query-input":{"@type":"PropertyValueSpecification","valueRequired":true,"valueName":"search_term_string"}}],"inLanguage":"en-GB"},{"@type":"Organization","@id":"https:\/\/expertalis.de\/#organization","name":"expertalis GmbH","url":"https:\/\/expertalis.de\/","logo":{"@type":"ImageObject","inLanguage":"en-GB","@id":"https:\/\/expertalis.de\/#\/schema\/logo\/image\/","url":"https:\/\/i0.wp.com\/expertalis.de\/wp-content\/uploads\/2022\/05\/expertalis-Logo-neuer-Blauton-final-ohne-Rand.png?fit=480%2C135&ssl=1","contentUrl":"https:\/\/i0.wp.com\/expertalis.de\/wp-content\/uploads\/2022\/05\/expertalis-Logo-neuer-Blauton-final-ohne-Rand.png?fit=480%2C135&ssl=1","width":480,"height":135,"caption":"expertalis GmbH"},"image":{"@id":"https:\/\/expertalis.de\/#\/schema\/logo\/image\/"}}]}},"_links":{"self":[{"href":"https:\/\/expertalis.de\/en\/wp-json\/wp\/v2\/pages\/79","targetHints":{"allow":["GET"]}}],"collection":[{"href":"https:\/\/expertalis.de\/en\/wp-json\/wp\/v2\/pages"}],"about":[{"href":"https:\/\/expertalis.de\/en\/wp-json\/wp\/v2\/types\/page"}],"author":[{"embeddable":true,"href":"https:\/\/expertalis.de\/en\/wp-json\/wp\/v2\/users\/1"}],"replies":[{"embeddable":true,"href":"https:\/\/expertalis.de\/en\/wp-json\/wp\/v2\/comments?post=79"}],"version-history":[{"count":5,"href":"https:\/\/expertalis.de\/en\/wp-json\/wp\/v2\/pages\/79\/revisions"}],"predecessor-version":[{"id":6607,"href":"https:\/\/expertalis.de\/en\/wp-json\/wp\/v2\/pages\/79\/revisions\/6607"}],"wp:featuredmedia":[{"embeddable":true,"href":"https:\/\/expertalis.de\/en\/wp-json\/wp\/v2\/media\/2407"}],"wp:attachment":[{"href":"https:\/\/expertalis.de\/en\/wp-json\/wp\/v2\/media?parent=79"}],"curies":[{"name":"wp","href":"https:\/\/api.w.org\/{rel}","templated":true}]}}